{"id":21,"date":"2015-04-17T00:12:45","date_gmt":"2015-04-16T22:12:45","guid":{"rendered":"https:\/\/fauhh.markab.uberspace.de\/?page_id=21"},"modified":"2024-11-07T21:31:22","modified_gmt":"2024-11-07T20:31:22","slug":"fau-hh","status":"publish","type":"page","link":"https:\/\/hamburg.fau.org\/english\/fau-hh\/","title":{"rendered":"FAU Hamburg"},"content":{"rendered":"<p>Wir Anarcho-Syndikalisten_innen haben die herrschaftslose, ausbeutungsfreie auf Selbstverwaltung begr\u00fcndete Gesellschaft als Ziel. Die Selbstbestimmung in allen Lebensbereichen ist die grundlegende Idee des Anarcho-Syndikalismus.<\/p>\n<p>Daher lehnen wir die Organisierung unserer Interessen in zentralistisch aufgebauten Organisationen ab, da diese stets Machtkonzentration und Hierarchie bedeuten. Weder soll noch kann mensch mit Stellvertreter*innenpolitik, wie sie z. B. von reformistischen Gewerkschaften, Parteien und Kirchen betrieben wird, unsere Interessen durchsetzen. Dagegen sind wir direkt und indirekt lohnabh\u00e4ngigen Menschen f\u00fcr die Selbstorganisation in unabh\u00e4ngigen Gruppen. Diese sind bundesweit (in der <a href=\"https:\/\/www.fau.org\">FAU.<\/a>) zusammengeschlossen und international mit anderen Gewerkschaften, wie der CNT in Spanien und der USI in Italien, vernetzt.<\/p>\n<p>Zur Durchsetzung unserer Ziele und Forderungen dienen uns s\u00e4mtliche Mittel der <strong>Direkten Aktion<\/strong>, wie z. B. Besetzungen, Boykotts, Streiks etc. Im Gegensatz dazu lehnen wir indirekte Mittel wie die parlamentarische T\u00e4tigkeit in jeglicher Form ab. Mit dieser Art von Organisierung verbinden wir die M\u00f6glichkeit, Vereinzelung und Perspektivlosigkeit aufzuheben und so f\u00fcr eine revolution\u00e4re Ver\u00e4nderung auf freiheitlicher Grundlage zu k\u00e4mpfen.<\/p>\n<p>Da die Macht und die St\u00e4rke des kapitalistischen Systems in der privaten bzw. staatlichen Verf\u00fcgungsgewalt \u00fcber die Produktionsmittel und in der tagt\u00e4glichen Ausbeutung der arbeitenden Klasse begr\u00fcndet sind, ist der \u00f6konomische Bereich der Hauptansatzpunkt f\u00fcr den antikapitalistischen Kampf. Revolution\u00e4re Arbeit in den Betrieben trifft den Kapitalismus nicht nur in seinen Erscheinungsformen, sondern an seiner Wurzel. Diese Arbeit kann nur erfolgreich sein, wenn in allen gesellschaftlichen Bereichen gleichzeitig revolution\u00e4re Arbeit geleistet wird, da alle K\u00e4mpfe in einer Wechselbeziehung zueinander stehen.<\/p>\n<p>Alle Menschen, die in diesem Sinne mit uns zusammenarbeiten wollen, sind uns willkommen.<\/p>\n<p style=\"text-align: center;\"><a href=\"https:\/\/hamburg.fau.org\/english\/fau-hh\/mitgliedschaft\/\">Mitglied werden!<\/a><\/p>\n\n<div class=\"wp-block-image\">\n<figure class=\"aligncenter size-full\"><img loading=\"lazy\" decoding=\"async\" width=\"360\" height=\"508\" src=\"https:\/\/hamburg.fau.org\/wp-content\/uploads\/2024\/11\/Rechte-im-Job-Bild.png\" alt=\"\" class=\"wp-image-3217\" srcset=\"https:\/\/hamburg.fau.org\/wp-content\/uploads\/2024\/11\/Rechte-im-Job-Bild.png 360w, https:\/\/hamburg.fau.org\/wp-content\/uploads\/2024\/11\/Rechte-im-Job-Bild-213x300.png 213w, https:\/\/hamburg.fau.org\/wp-content\/uploads\/2024\/11\/Rechte-im-Job-Bild-106x150.png 106w\" sizes=\"auto, (max-width: 360px) 100vw, 360px\" \/><\/figure>\n<\/div>","protected":false},"excerpt":{"rendered":"<p>Wir Anarcho-Syndikalisten_innen haben die herrschaftslose, ausbeutungsfreie auf Selbstverwaltung begr\u00fcndete Gesellschaft als Ziel. Die Selbstbestimmung in allen Lebensbereichen ist die grundlegende Idee des Anarcho-Syndikalismus. Daher lehnen wir die Organisierung unserer Interessen in zentralistisch aufgebauten Organisationen ab, da diese stets Machtkonzentration und Hierarchie bedeuten. Weder soll noch kann mensch mit Stellvertreter*innenpolitik, wie&#8230; <a class=\"continue-reading-link\" href=\"https:\/\/hamburg.fau.org\/english\/fau-hh\/\">Weiterlesen<\/a><\/p>","protected":false},"author":3,"featured_media":0,"parent":0,"menu_order":0,"comment_status":"closed","ping_status":"closed","template":"","meta":{"footnotes":""},"class_list":["post-21","page","type-page","status-publish","hentry"],"_links":{"self":[{"href":"https:\/\/hamburg.fau.org\/english\/wp-json\/wp\/v2\/pages\/21","targetHints":{"allow":["GET"]}}],"collection":[{"href":"https:\/\/hamburg.fau.org\/english\/wp-json\/wp\/v2\/pages"}],"about":[{"href":"https:\/\/hamburg.fau.org\/english\/wp-json\/wp\/v2\/types\/page"}],"author":[{"embeddable":true,"href":"https:\/\/hamburg.fau.org\/english\/wp-json\/wp\/v2\/users\/3"}],"replies":[{"embeddable":true,"href":"https:\/\/hamburg.fau.org\/english\/wp-json\/wp\/v2\/comments?post=21"}],"version-history":[{"count":6,"href":"https:\/\/hamburg.fau.org\/english\/wp-json\/wp\/v2\/pages\/21\/revisions"}],"predecessor-version":[{"id":3224,"href":"https:\/\/hamburg.fau.org\/english\/wp-json\/wp\/v2\/pages\/21\/revisions\/3224"}],"wp:attachment":[{"href":"https:\/\/hamburg.fau.org\/english\/wp-json\/wp\/v2\/media?parent=21"}],"curies":[{"name":"wp","href":"https:\/\/api.w.org\/{rel}","templated":true}]}}