{"id":3234,"date":"2024-11-11T21:22:12","date_gmt":"2024-11-11T20:22:12","guid":{"rendered":"https:\/\/hamburg.fau.org\/?page_id=3234"},"modified":"2025-07-27T20:11:28","modified_gmt":"2025-07-27T18:11:28","slug":"unsere-arbeitsgruppen","status":"publish","type":"page","link":"https:\/\/hamburg.fau.org\/deutsch\/unsere-arbeitsgruppen\/","title":{"rendered":"Unsere Arbeitsgruppen"},"content":{"rendered":"\n<p>Es gibt in der FAU Hamburg zu unterschiedlichen Themen Arbeitsgruppen. Hier findest du eine kurze Beschreibung unserer Arbeitsgruppen. <\/p>\n\n\n\n<h2 class=\"wp-block-heading\">AG Gewerkschaftliche Beratung<\/h2>\n\n\n\n<p>Die AG bietet eine kostenlose gewerkschaftlichen Erstberatung an. <br>Die Beratung findet jeden zweiten Dienstag im Monat von 18-19 Uhr in der Schwarzen Katze, Fettstra\u00dfe 23, 20357 Hamburg statt. F\u00fcr individuelle Terminabsprachen kontaktiert uns unter fauhh-arbeitsrecht@fau.org oder via Twitter, Facebook, Insta, Mastodon oder Bluesky.<\/p>\n\n\n\n<figure class=\"wp-block-image size-full\"><img loading=\"lazy\" decoding=\"async\" width=\"688\" height=\"203\" src=\"https:\/\/hamburg.fau.org\/wp-content\/uploads\/2023\/01\/Banner-vom-Flyer.jpg\" alt=\"\" class=\"wp-image-2476\" srcset=\"https:\/\/hamburg.fau.org\/wp-content\/uploads\/2023\/01\/Banner-vom-Flyer.jpg 688w, https:\/\/hamburg.fau.org\/wp-content\/uploads\/2023\/01\/Banner-vom-Flyer-300x89.jpg 300w, https:\/\/hamburg.fau.org\/wp-content\/uploads\/2023\/01\/Banner-vom-Flyer-150x44.jpg 150w\" sizes=\"auto, (max-width: 688px) 100vw, 688px\" \/><\/figure>\n\n\n\n<h2 class=\"wp-block-heading\">AG Kollektivbetriebe<\/h2>\n\n\n\n<p>Die AG Kollektivbetriebe der FAU-Hamburg wurde 2008 aus gegebenem Anlass gegr\u00fcndet, um eine Position der FAU-Hamburg als Gewerkschaft zu Kollektivbetrieben zu erarbeiten. Inzwischen liegt der Schwerpunkt unserer Arbeit auf dem Versuch, eine Infrastruktur f\u00fcr Hamburger Kollektivbetriebe aufzubauen. Wir organisieren den Kollektiv-Freitag, ein monatliches informelles Treffen f\u00fcr Kollektivistas aus Hamburg und Umgebung und sind im neu gegr\u00fcndeten bundesweiten Verband &#8218;Kollektiv der Kollektive (KdK)&#8216; aktiv. Au\u00dferdem gibt es in der &#8218;Schwarzen Katze&#8216; einmal im Monat einen offenen Beratungstermin f\u00fcr Initiativen zur Gr\u00fcndung eines Kollektivbetriebs.<\/p>\n\n\n\n<h2 class=\"wp-block-heading\">AG \u00d6ffentlichkeit<\/h2>\n\n\n\n<p>Wir sind die Arbeitsgruppe \u00d6ffentlichkeitsarbeit und sorgen daf\u00fcr, dass die Botschaften der FAU Hamburg in die \u00d6ffentlichkeit getragen werden. Zu unseren Aufgaben geh\u00f6rt das Erstellen von Flyern und Plakaten, die Gestaltung von Brosch\u00fcren, sowie die Ver\u00f6ffentlichung von Presseerkl\u00e4rungen. <br>Wir pflegen unsere Website und betreuen die Social-Media-Kan\u00e4le, um aktuelle Themen, Arbeitsk\u00e4mpfe und Aktionen der FAU Hamburg zu verbreiten. Au\u00dferdem sind wir Ansprechpartner*innen<em> <\/em>f\u00fcr Pressevertreter*innen und stehen f\u00fcr Interviews zur Verf\u00fcgung, um unsere Anliegen und K\u00e4mpfe einer breiten \u00d6ffentlichkeit bekannt zu machen.<\/p>\n\n\n\n<h2 class=\"wp-block-heading\">AG Bildung und soziale Arbeit<\/h2>\n\n\n\n<p>In der FAU Hamburg sind \u00fcberdurchschnittlich viele Menschen organisiert, die im Bereich des Bildungswesens und\/oder der sozialer Arbeit t\u00e4tig sind. Daher haben wir entschlossen uns als Sektion zusammenzuschlie\u00dfen um uns kontinuierlich mit Problemen aus unserem Arbeitsleben zu besch\u00e4ftigen. Aktuelle Themenschwerpunkte sind die Unterst\u00fctzung von Arbeitsk\u00e4mpfen in der Pflege und von wissenschaftlichen Mitarbeiter*innen an der Uni.<\/p>\n\n\n\n<p>Wenn Du selbst im genannten Bereich arbeitest, egal ob als studentische Hilfskraft oder in Ausbildung, ob als Nebenjob oder hauptberuflich und Lust hast dich einzubringen melde dich unter fauhh-bildungsoziales@fau.org<\/p>\n\n\n\n<h2 class=\"wp-block-heading\">AG Bau<\/h2>\n\n\n\n<p>Die Baubranche ist von entscheidender Bedeutung, weil sie nicht nur die physische Grundlage unserer Gesellschaft schafft, sondern auch ein zentraler Ort ist, an dem die Machtverh\u00e4ltnisse zwischen den Arbeitenden und den Besitzenden verhandelt werden. Hier zeigt sich, wie wichtig es ist, dass die Menschen, die unsere St\u00e4dte und Infrastruktur errichten, faire Arbeitsbedingungen, angemessene L\u00f6hne und Respekt erhalten. Ohne die Arbeitenden auf den Baustellen w\u00fcrde kein Wolkenkratzer in den Himmel ragen und keine Stra\u00dfe gebaut werden, um unser Leben zu erleichtern. Die Baubranche ist daher nicht nur ein Wirtschaftszweig, sondern auch ein Kampffeld f\u00fcr soziale Gerechtigkeit und Arbeitsrechte.<\/p>\n\n\n\n<p>Wir, die baufau sind eine Arbeitsgruppe von Menschen, die auf dem Bau arbeiten und Interessierten.<\/p>\n\n\n\n<p>Die Arbeitsbedingungen auf dem Bau sind hart, gef\u00e4hrlich, teilweise t\u00f6dlich. Der Bausektor hat in den letzten Jahren einen starken Wandel durchlaufen. Zum einen sinkt die Organisierung von Arbeitskr\u00e4ften auf dem Bau, was zu einer Verschlechterung der Bedingungen f\u00fcr alle Besch\u00e4ftigten f\u00fchrt, z.B. in Bezug auf Pausen und Lohn. Zum anderen arbeiten immer mehr Besch\u00e4ftigte unter prek\u00e4ren Bedingungen, verdienen wenig und sind sehr abh\u00e4ngig von ihren Firmen. Ausl\u00e4ndische Besch\u00e4ftigte kennen h\u00e4ufig ihre Rechte nicht und sind oft auch im Privaten von ihren Unternehmen abh\u00e4ngig.<\/p>\n\n\n\n<p>Wir m\u00f6chten die Sensibilit\u00e4t f\u00fcr die so wichtige Baubranche erh\u00f6hen und gemeinsam f\u00fcr bessere Bedingungen auf dem Bau k\u00e4mpfen.<\/p>\n\n\n\n<p>Wenn du Probleme auf der Arbeit hast, Erfahrungen teilen m\u00f6chtest oder dich f\u00fcr unsere Arbeit interessierst, komm zum offenen Treffen der baufau Hamburg &#8211; jeden dritten Freitag im Monat 19:30 im Libert\u00e4ren Aktions- und Kulturzentrum Schwarze Katze, Fettstr. 23 (U2 Christuskirche \/ S-Bahn Sternschanze).<\/p>\n\n\n\n<p><\/p>\n","protected":false},"excerpt":{"rendered":"<p>Es gibt in der FAU Hamburg zu unterschiedlichen Themen Arbeitsgruppen. Hier findest du eine kurze Beschreibung unserer Arbeitsgruppen. AG Gewerkschaftliche Beratung Die AG bietet eine kostenlose gewerkschaftlichen Erstberatung an. Die Beratung findet jeden zweiten Dienstag im Monat von 18-19 Uhr in der Schwarzen Katze, Fettstra\u00dfe 23, 20357 Hamburg statt. F\u00fcr&#8230; <a class=\"continue-reading-link\" href=\"https:\/\/hamburg.fau.org\/deutsch\/unsere-arbeitsgruppen\/\">Weiterlesen<\/a><\/p>\n","protected":false},"author":11,"featured_media":0,"parent":0,"menu_order":0,"comment_status":"closed","ping_status":"closed","template":"","meta":{"footnotes":""},"class_list":["post-3234","page","type-page","status-publish","hentry"],"_links":{"self":[{"href":"https:\/\/hamburg.fau.org\/deutsch\/wp-json\/wp\/v2\/pages\/3234","targetHints":{"allow":["GET"]}}],"collection":[{"href":"https:\/\/hamburg.fau.org\/deutsch\/wp-json\/wp\/v2\/pages"}],"about":[{"href":"https:\/\/hamburg.fau.org\/deutsch\/wp-json\/wp\/v2\/types\/page"}],"author":[{"embeddable":true,"href":"https:\/\/hamburg.fau.org\/deutsch\/wp-json\/wp\/v2\/users\/11"}],"replies":[{"embeddable":true,"href":"https:\/\/hamburg.fau.org\/deutsch\/wp-json\/wp\/v2\/comments?post=3234"}],"version-history":[{"count":7,"href":"https:\/\/hamburg.fau.org\/deutsch\/wp-json\/wp\/v2\/pages\/3234\/revisions"}],"predecessor-version":[{"id":3459,"href":"https:\/\/hamburg.fau.org\/deutsch\/wp-json\/wp\/v2\/pages\/3234\/revisions\/3459"}],"wp:attachment":[{"href":"https:\/\/hamburg.fau.org\/deutsch\/wp-json\/wp\/v2\/media?parent=3234"}],"curies":[{"name":"wp","href":"https:\/\/api.w.org\/{rel}","templated":true}]}}